{"id":14093,"date":"2021-08-17T15:01:16","date_gmt":"2021-08-17T13:01:16","guid":{"rendered":"https:\/\/flora.insure\/assurance-colocataire\/"},"modified":"2025-03-14T10:43:46","modified_gmt":"2025-03-14T09:43:46","slug":"asigurare-coleg-de-camera","status":"publish","type":"page","link":"https:\/\/flora.insure\/ro\/asigurare-coleg-de-camera\/","title":{"rendered":"Asigurare coleg de camer\u0103 Flora"},"content":{"rendered":"","protected":false},"excerpt":{"rendered":"","protected":false},"author":4,"featured_media":0,"parent":0,"menu_order":189,"comment_status":"closed","ping_status":"closed","template":"template.dynamic-page.php","meta":{"_acf_changed":false,"_seopress_robots_primary_cat":"","_seopress_titles_title":"Asigurarea de incendiu a colegilor de camer\u0103 - Asigurarea colegilor de camer\u0103 Flora by Ethias","_seopress_titles_desc":"Asigurare pe m\u0103sur\u0103 pentru colegii de apartament! Afla\u021bi mai multe despre asigurarea noastr\u0103 pentru chiria\u0219ii din cohousing. \u2705","_seopress_robots_index":"","footnotes":""},"class_list":["post-14093","page","type-page","status-publish","hentry"],"acf":[],"_links":{"self":[{"href":"https:\/\/flora.insure\/ro\/wp-json\/wp\/v2\/pages\/14093","targetHints":{"allow":["GET"]}}],"collection":[{"href":"https:\/\/flora.insure\/ro\/wp-json\/wp\/v2\/pages"}],"about":[{"href":"https:\/\/flora.insure\/ro\/wp-json\/wp\/v2\/types\/page"}],"author":[{"embeddable":true,"href":"https:\/\/flora.insure\/ro\/wp-json\/wp\/v2\/users\/4"}],"replies":[{"embeddable":true,"href":"https:\/\/flora.insure\/ro\/wp-json\/wp\/v2\/comments?post=14093"}],"version-history":[{"count":0,"href":"https:\/\/flora.insure\/ro\/wp-json\/wp\/v2\/pages\/14093\/revisions"}],"wp:attachment":[{"href":"https:\/\/flora.insure\/ro\/wp-json\/wp\/v2\/media?parent=14093"}],"curies":[{"name":"wp","href":"https:\/\/api.w.org\/{rel}","templated":true}]}}