{"id":14027,"date":"2021-09-10T15:28:13","date_gmt":"2021-09-10T13:28:13","guid":{"rendered":"https:\/\/flora.insure\/assurance-habitation-locataire-en-ligne-belgique\/"},"modified":"2025-03-14T10:43:44","modified_gmt":"2025-03-14T09:43:44","slug":"asigurarea-chiriasilor-belgia","status":"publish","type":"page","link":"https:\/\/flora.insure\/ro\/asigurarea-chiriasilor-belgia\/","title":{"rendered":"Asigurarea chiria\u0219ilor rom\u00e2ni expatria\u021bi (SEA)"},"content":{"rendered":"","protected":false},"excerpt":{"rendered":"","protected":false},"author":4,"featured_media":0,"parent":0,"menu_order":164,"comment_status":"closed","ping_status":"closed","template":"template.dynamic-page.php","meta":{"_acf_changed":false,"_seopress_robots_primary_cat":"","_seopress_titles_title":"Asigurare incendiu chiria\u0219i Belgia - Flora by Ethias insurance","_seopress_titles_desc":"Prima asigurare de locuin\u021b\u0103 100% digital\u0103 din Belgia! O asigurare simpl\u0103, rapid\u0103 \u0219i transparent\u0103 pentru chiria\u0219i. V\u0103 abona\u021bi online, v\u0103 gestiona\u021bi din aplica\u021bie.","_seopress_robots_index":"","footnotes":""},"class_list":["post-14027","page","type-page","status-publish","hentry"],"acf":[],"_links":{"self":[{"href":"https:\/\/flora.insure\/ro\/wp-json\/wp\/v2\/pages\/14027","targetHints":{"allow":["GET"]}}],"collection":[{"href":"https:\/\/flora.insure\/ro\/wp-json\/wp\/v2\/pages"}],"about":[{"href":"https:\/\/flora.insure\/ro\/wp-json\/wp\/v2\/types\/page"}],"author":[{"embeddable":true,"href":"https:\/\/flora.insure\/ro\/wp-json\/wp\/v2\/users\/4"}],"replies":[{"embeddable":true,"href":"https:\/\/flora.insure\/ro\/wp-json\/wp\/v2\/comments?post=14027"}],"version-history":[{"count":0,"href":"https:\/\/flora.insure\/ro\/wp-json\/wp\/v2\/pages\/14027\/revisions"}],"wp:attachment":[{"href":"https:\/\/flora.insure\/ro\/wp-json\/wp\/v2\/media?parent=14027"}],"curies":[{"name":"wp","href":"https:\/\/api.w.org\/{rel}","templated":true}]}}