{"id":14082,"date":"2021-08-17T15:01:16","date_gmt":"2021-08-17T13:01:16","guid":{"rendered":"https:\/\/flora.insure\/assurance-colocataire\/"},"modified":"2025-03-14T10:43:47","modified_gmt":"2025-03-14T09:43:47","slug":"ubezpieczenie-wspollokatora","status":"publish","type":"page","link":"https:\/\/flora.insure\/pl\/ubezpieczenie-wspollokatora\/","title":{"rendered":"Ubezpieczenie wsp\u00f3\u0142lokatora Flora"},"content":{"rendered":"","protected":false},"excerpt":{"rendered":"","protected":false},"author":4,"featured_media":0,"parent":0,"menu_order":189,"comment_status":"closed","ping_status":"closed","template":"template.dynamic-page.php","meta":{"_acf_changed":false,"_seopress_robots_primary_cat":"","_seopress_titles_title":"Ubezpieczenie od po\u017caru wsp\u00f3\u0142lokatora - Ubezpieczenie od po\u017caru wsp\u00f3\u0142lokatora Flora by Ethias","_seopress_titles_desc":"Ubezpieczenie na miar\u0119 dla wsp\u00f3\u0142lokator\u00f3w! Dowiedz si\u0119 o naszym ubezpieczeniu dla lokator\u00f3w w cohousingu. \u2705","_seopress_robots_index":"","footnotes":""},"class_list":["post-14082","page","type-page","status-publish","hentry"],"acf":[],"_links":{"self":[{"href":"https:\/\/flora.insure\/pl\/wp-json\/wp\/v2\/pages\/14082","targetHints":{"allow":["GET"]}}],"collection":[{"href":"https:\/\/flora.insure\/pl\/wp-json\/wp\/v2\/pages"}],"about":[{"href":"https:\/\/flora.insure\/pl\/wp-json\/wp\/v2\/types\/page"}],"author":[{"embeddable":true,"href":"https:\/\/flora.insure\/pl\/wp-json\/wp\/v2\/users\/4"}],"replies":[{"embeddable":true,"href":"https:\/\/flora.insure\/pl\/wp-json\/wp\/v2\/comments?post=14082"}],"version-history":[{"count":0,"href":"https:\/\/flora.insure\/pl\/wp-json\/wp\/v2\/pages\/14082\/revisions"}],"wp:attachment":[{"href":"https:\/\/flora.insure\/pl\/wp-json\/wp\/v2\/media?parent=14082"}],"curies":[{"name":"wp","href":"https:\/\/api.w.org\/{rel}","templated":true}]}}