{"id":5802,"date":"2022-01-31T16:39:05","date_gmt":"2022-01-31T15:39:05","guid":{"rendered":"https:\/\/flora.insure\/?page_id=5802"},"modified":"2025-03-25T11:13:58","modified_gmt":"2025-03-25T10:13:58","slug":"etat-des-lieux","status":"publish","type":"page","link":"https:\/\/flora.insure\/fr\/modeles-documents\/etat-des-lieux\/","title":{"rendered":"Mod\u00e8le Etat des lieux"},"content":{"rendered":"","protected":false},"excerpt":{"rendered":"","protected":false},"author":4,"featured_media":0,"parent":5561,"menu_order":6,"comment_status":"closed","ping_status":"closed","template":"template.dynamic-page.php","meta":{"_acf_changed":false,"_seopress_robots_primary_cat":"","_seopress_titles_title":"Mod\u00e8les \u00e9tat des lieux \u2022 Document \u2022 Flora by Ethias","_seopress_titles_desc":"D\u00e9couvre notre mod\u00e8le d'\u00e9tat des lieux gratuit ! T\u00e9l\u00e9charge ton document d'\u00e9tat des lieux. C'est par ici que \u00e7a se passe ! \u2705","_seopress_robots_index":"yes","footnotes":""},"class_list":["post-5802","page","type-page","status-publish","hentry"],"acf":[],"_links":{"self":[{"href":"https:\/\/flora.insure\/fr\/wp-json\/wp\/v2\/pages\/5802","targetHints":{"allow":["GET"]}}],"collection":[{"href":"https:\/\/flora.insure\/fr\/wp-json\/wp\/v2\/pages"}],"about":[{"href":"https:\/\/flora.insure\/fr\/wp-json\/wp\/v2\/types\/page"}],"author":[{"embeddable":true,"href":"https:\/\/flora.insure\/fr\/wp-json\/wp\/v2\/users\/4"}],"replies":[{"embeddable":true,"href":"https:\/\/flora.insure\/fr\/wp-json\/wp\/v2\/comments?post=5802"}],"version-history":[{"count":0,"href":"https:\/\/flora.insure\/fr\/wp-json\/wp\/v2\/pages\/5802\/revisions"}],"up":[{"embeddable":true,"href":"https:\/\/flora.insure\/fr\/wp-json\/wp\/v2\/pages\/5561"}],"wp:attachment":[{"href":"https:\/\/flora.insure\/fr\/wp-json\/wp\/v2\/media?parent=5802"}],"curies":[{"name":"wp","href":"https:\/\/api.w.org\/{rel}","templated":true}]}}