{"id":5796,"date":"2022-01-31T16:50:59","date_gmt":"2022-01-31T15:50:59","guid":{"rendered":"https:\/\/flora.insure\/?page_id=5796"},"modified":"2025-03-25T10:18:27","modified_gmt":"2025-03-25T09:18:27","slug":"affiche-kot-a-louer","status":"publish","type":"page","link":"https:\/\/flora.insure\/fr\/affiche-kot-a-louer\/","title":{"rendered":"Affiche kot \u00e0 louer"},"content":{"rendered":"","protected":false},"excerpt":{"rendered":"","protected":false},"author":4,"featured_media":0,"parent":0,"menu_order":67,"comment_status":"closed","ping_status":"closed","template":"template.dynamic-page.php","meta":{"_acf_changed":false,"_seopress_robots_primary_cat":"","_seopress_titles_title":"Affiche Kot \u00e0 louer \u2022 Affiche kot \u00e0 louer \u2022 Flora by Ethias","_seopress_titles_desc":"Kot disponible \u00e0 la location ? T\u00e9l\u00e9charge ton affiche \"Kot \u00e0 louer\" et attire le nouveau kotteur id\u00e9al !","_seopress_robots_index":"yes","footnotes":""},"class_list":["post-5796","page","type-page","status-publish","hentry"],"acf":[],"_links":{"self":[{"href":"https:\/\/flora.insure\/fr\/wp-json\/wp\/v2\/pages\/5796","targetHints":{"allow":["GET"]}}],"collection":[{"href":"https:\/\/flora.insure\/fr\/wp-json\/wp\/v2\/pages"}],"about":[{"href":"https:\/\/flora.insure\/fr\/wp-json\/wp\/v2\/types\/page"}],"author":[{"embeddable":true,"href":"https:\/\/flora.insure\/fr\/wp-json\/wp\/v2\/users\/4"}],"replies":[{"embeddable":true,"href":"https:\/\/flora.insure\/fr\/wp-json\/wp\/v2\/comments?post=5796"}],"version-history":[{"count":0,"href":"https:\/\/flora.insure\/fr\/wp-json\/wp\/v2\/pages\/5796\/revisions"}],"wp:attachment":[{"href":"https:\/\/flora.insure\/fr\/wp-json\/wp\/v2\/media?parent=5796"}],"curies":[{"name":"wp","href":"https:\/\/api.w.org\/{rel}","templated":true}]}}