{"id":5794,"date":"2022-01-31T16:54:30","date_gmt":"2022-01-31T15:54:30","guid":{"rendered":"https:\/\/flora.insure\/?page_id=5794"},"modified":"2023-06-28T10:32:02","modified_gmt":"2023-06-28T08:32:02","slug":"affiche-maison-a-louer","status":"publish","type":"page","link":"https:\/\/flora.insure\/fr\/modeles-documents\/affiche-maison-a-louer\/","title":{"rendered":"Affiche maison \u00e0 louer"},"content":{"rendered":"","protected":false},"excerpt":{"rendered":"","protected":false},"author":4,"featured_media":0,"parent":5561,"menu_order":3,"comment_status":"closed","ping_status":"closed","template":"template.dynamic-page.php","meta":{"_acf_changed":false,"_seopress_robots_primary_cat":"","_seopress_titles_title":"Affiche Maison \u00e0 louer \u2022 Mod\u00e8le maison \u00e0 louer \u2022 Flora by Ethias","_seopress_titles_desc":"Une maison en location ? On a ce qu&#039;il te faut ! T\u00e9l\u00e9charge notre affiche &quot;Maison \u00e0 louer&quot; gratuitement. \u2705","_seopress_robots_index":"","footnotes":""},"class_list":["post-5794","page","type-page","status-publish","hentry"],"acf":[],"_links":{"self":[{"href":"https:\/\/flora.insure\/fr\/wp-json\/wp\/v2\/pages\/5794","targetHints":{"allow":["GET"]}}],"collection":[{"href":"https:\/\/flora.insure\/fr\/wp-json\/wp\/v2\/pages"}],"about":[{"href":"https:\/\/flora.insure\/fr\/wp-json\/wp\/v2\/types\/page"}],"author":[{"embeddable":true,"href":"https:\/\/flora.insure\/fr\/wp-json\/wp\/v2\/users\/4"}],"replies":[{"embeddable":true,"href":"https:\/\/flora.insure\/fr\/wp-json\/wp\/v2\/comments?post=5794"}],"version-history":[{"count":0,"href":"https:\/\/flora.insure\/fr\/wp-json\/wp\/v2\/pages\/5794\/revisions"}],"up":[{"embeddable":true,"href":"https:\/\/flora.insure\/fr\/wp-json\/wp\/v2\/pages\/5561"}],"wp:attachment":[{"href":"https:\/\/flora.insure\/fr\/wp-json\/wp\/v2\/media?parent=5794"}],"curies":[{"name":"wp","href":"https:\/\/api.w.org\/{rel}","templated":true}]}}