{"id":5561,"date":"2022-01-31T17:02:05","date_gmt":"2022-01-31T16:02:05","guid":{"rendered":"https:\/\/flora.insure\/?page_id=5561"},"modified":"2025-03-14T10:43:36","modified_gmt":"2025-03-14T09:43:36","slug":"modeles-documents","status":"publish","type":"page","link":"https:\/\/flora.insure\/fr\/modeles-documents\/","title":{"rendered":"Mod\u00e8les de Documents"},"content":{"rendered":"","protected":false},"excerpt":{"rendered":"","protected":false},"author":4,"featured_media":0,"parent":0,"menu_order":68,"comment_status":"closed","ping_status":"closed","template":"template.dynamic-page.php","meta":{"_acf_changed":false,"_seopress_robots_primary_cat":"","_seopress_titles_title":"Mod\u00e8les de documents &amp; affiches \u2022 Location \u2022 Flora by Ethias","_seopress_titles_desc":"D\u00e9couvre nos mod\u00e8les de documents gratuits ! Contrat de bail, \u00e9tat des lieux, affiches \u00e0 louer... C&#039;est par ici ! \u2705","_seopress_robots_index":"","footnotes":""},"class_list":["post-5561","page","type-page","status-publish","hentry"],"acf":[],"_links":{"self":[{"href":"https:\/\/flora.insure\/fr\/wp-json\/wp\/v2\/pages\/5561","targetHints":{"allow":["GET"]}}],"collection":[{"href":"https:\/\/flora.insure\/fr\/wp-json\/wp\/v2\/pages"}],"about":[{"href":"https:\/\/flora.insure\/fr\/wp-json\/wp\/v2\/types\/page"}],"author":[{"embeddable":true,"href":"https:\/\/flora.insure\/fr\/wp-json\/wp\/v2\/users\/4"}],"replies":[{"embeddable":true,"href":"https:\/\/flora.insure\/fr\/wp-json\/wp\/v2\/comments?post=5561"}],"version-history":[{"count":0,"href":"https:\/\/flora.insure\/fr\/wp-json\/wp\/v2\/pages\/5561\/revisions"}],"wp:attachment":[{"href":"https:\/\/flora.insure\/fr\/wp-json\/wp\/v2\/media?parent=5561"}],"curies":[{"name":"wp","href":"https:\/\/api.w.org\/{rel}","templated":true}]}}