{"id":47,"date":"2020-01-13T14:48:25","date_gmt":"2020-01-13T13:48:25","guid":{"rendered":"http:\/\/localhost:8888\/afelio\/Flora-landing\/?page_id=47"},"modified":"2025-11-25T11:50:47","modified_gmt":"2025-11-25T10:50:47","slug":"agent-immobilier","status":"publish","type":"page","link":"https:\/\/flora.insure\/fr\/agent-immobilier\/","title":{"rendered":"Devenir partenaire"},"content":{"rendered":"","protected":false},"excerpt":{"rendered":"","protected":false},"author":1,"featured_media":0,"parent":0,"menu_order":101,"comment_status":"closed","ping_status":"closed","template":"template.dynamic-page.php","meta":{"_acf_changed":false,"_seopress_robots_primary_cat":"","_seopress_titles_title":"Agents immobiliers : gagnez 30\u202f\u20ac par contrat sign\u00e9","_seopress_titles_desc":"G\u00e9n\u00e9rez un revenu compl\u00e9mentaire \u00e0 chaque location. Partenariat Flora pour agents immobiliers : 30\u202f\u20ac par contrat, sans effort ni gestion.","_seopress_robots_index":"","footnotes":""},"class_list":["post-47","page","type-page","status-publish","hentry"],"acf":[],"_links":{"self":[{"href":"https:\/\/flora.insure\/fr\/wp-json\/wp\/v2\/pages\/47","targetHints":{"allow":["GET"]}}],"collection":[{"href":"https:\/\/flora.insure\/fr\/wp-json\/wp\/v2\/pages"}],"about":[{"href":"https:\/\/flora.insure\/fr\/wp-json\/wp\/v2\/types\/page"}],"author":[{"embeddable":true,"href":"https:\/\/flora.insure\/fr\/wp-json\/wp\/v2\/users\/1"}],"replies":[{"embeddable":true,"href":"https:\/\/flora.insure\/fr\/wp-json\/wp\/v2\/comments?post=47"}],"version-history":[{"count":1,"href":"https:\/\/flora.insure\/fr\/wp-json\/wp\/v2\/pages\/47\/revisions"}],"predecessor-version":[{"id":28060,"href":"https:\/\/flora.insure\/fr\/wp-json\/wp\/v2\/pages\/47\/revisions\/28060"}],"wp:attachment":[{"href":"https:\/\/flora.insure\/fr\/wp-json\/wp\/v2\/media?parent=47"}],"curies":[{"name":"wp","href":"https:\/\/api.w.org\/{rel}","templated":true}]}}