{"id":3169,"date":"2021-05-26T16:38:45","date_gmt":"2021-05-26T14:38:45","guid":{"rendered":"https:\/\/flora.insure\/?page_id=3169"},"modified":"2025-05-29T11:18:02","modified_gmt":"2025-05-29T09:18:02","slug":"assurance-incendie-locative","status":"publish","type":"page","link":"https:\/\/flora.insure\/fr\/assurance-incendie-locative\/","title":{"rendered":"Assurance incendie locative (SEO)"},"content":{"rendered":"","protected":false},"excerpt":{"rendered":"","protected":false},"author":4,"featured_media":0,"parent":0,"menu_order":205,"comment_status":"closed","ping_status":"closed","template":"template.dynamic-page.php","meta":{"_acf_changed":false,"_seopress_robots_primary_cat":"","_seopress_titles_title":"Assurance incendie pour locataires \u2022 Flora by Ethias","_seopress_titles_desc":"Tu vas devenir locataire ? Ou peut-\u00eatre l'es-tu d\u00e9j\u00e0 ? D\u00e9couvre l'assurance incendie pour locataires de Flora by Ethias. \u2705","_seopress_robots_index":"yes","footnotes":""},"class_list":["post-3169","page","type-page","status-publish","hentry"],"acf":[],"_links":{"self":[{"href":"https:\/\/flora.insure\/fr\/wp-json\/wp\/v2\/pages\/3169","targetHints":{"allow":["GET"]}}],"collection":[{"href":"https:\/\/flora.insure\/fr\/wp-json\/wp\/v2\/pages"}],"about":[{"href":"https:\/\/flora.insure\/fr\/wp-json\/wp\/v2\/types\/page"}],"author":[{"embeddable":true,"href":"https:\/\/flora.insure\/fr\/wp-json\/wp\/v2\/users\/4"}],"replies":[{"embeddable":true,"href":"https:\/\/flora.insure\/fr\/wp-json\/wp\/v2\/comments?post=3169"}],"version-history":[{"count":0,"href":"https:\/\/flora.insure\/fr\/wp-json\/wp\/v2\/pages\/3169\/revisions"}],"wp:attachment":[{"href":"https:\/\/flora.insure\/fr\/wp-json\/wp\/v2\/media?parent=3169"}],"curies":[{"name":"wp","href":"https:\/\/api.w.org\/{rel}","templated":true}]}}