{"id":2919,"date":"2021-03-25T09:44:20","date_gmt":"2021-03-25T08:44:20","guid":{"rendered":"https:\/\/flora.insure\/?page_id=2919"},"modified":"2025-03-25T10:37:24","modified_gmt":"2025-03-25T09:37:24","slug":"assurance-clair-pas-de-petits-caracteres","status":"publish","type":"page","link":"https:\/\/flora.insure\/fr\/assurance-locataire\/assurance-clair-pas-de-petits-caracteres\/","title":{"rendered":"Flora, c\u2019est clair tout de suite. Pas de petits caract\u00e8res."},"content":{"rendered":"","protected":false},"excerpt":{"rendered":"","protected":false},"author":4,"featured_media":0,"parent":45,"menu_order":10,"comment_status":"closed","ping_status":"closed","template":"","meta":{"_acf_changed":false,"_seopress_robots_primary_cat":"","_seopress_titles_title":"Assurance Flora by Ethias, c\u2019est clair tout de suite. Pas de petits caract\u00e8res","_seopress_titles_desc":"Tu veux conclure un contrat d'assurance ou un abonnement mais tu dois d'abord accepter un tas de petits caract\u00e8res. Chez Flora, c'est pas comme \u00e7a que \u00e7a se passe !","_seopress_robots_index":"yes","footnotes":""},"class_list":["post-2919","page","type-page","status-publish","hentry"],"acf":[],"_links":{"self":[{"href":"https:\/\/flora.insure\/fr\/wp-json\/wp\/v2\/pages\/2919","targetHints":{"allow":["GET"]}}],"collection":[{"href":"https:\/\/flora.insure\/fr\/wp-json\/wp\/v2\/pages"}],"about":[{"href":"https:\/\/flora.insure\/fr\/wp-json\/wp\/v2\/types\/page"}],"author":[{"embeddable":true,"href":"https:\/\/flora.insure\/fr\/wp-json\/wp\/v2\/users\/4"}],"replies":[{"embeddable":true,"href":"https:\/\/flora.insure\/fr\/wp-json\/wp\/v2\/comments?post=2919"}],"version-history":[{"count":0,"href":"https:\/\/flora.insure\/fr\/wp-json\/wp\/v2\/pages\/2919\/revisions"}],"up":[{"embeddable":true,"href":"https:\/\/flora.insure\/fr\/wp-json\/wp\/v2\/pages\/45"}],"wp:attachment":[{"href":"https:\/\/flora.insure\/fr\/wp-json\/wp\/v2\/media?parent=2919"}],"curies":[{"name":"wp","href":"https:\/\/api.w.org\/{rel}","templated":true}]}}