{"id":2809,"date":"2021-03-02T16:31:51","date_gmt":"2021-03-02T15:31:51","guid":{"rendered":"https:\/\/flora.insure\/?page_id=2809"},"modified":"2025-03-25T10:21:54","modified_gmt":"2025-03-25T09:21:54","slug":"assurance-100-digitale-pas-de-paperasse","status":"publish","type":"page","link":"https:\/\/flora.insure\/fr\/assurance-100-digitale-pas-de-paperasse\/","title":{"rendered":"Assurance 100% digitale Flora : pas de paperasse !"},"content":{"rendered":"","protected":false},"excerpt":{"rendered":"","protected":false},"author":4,"featured_media":0,"parent":0,"menu_order":127,"comment_status":"closed","ping_status":"closed","template":"","meta":{"_acf_changed":false,"_seopress_robots_primary_cat":"","_seopress_titles_title":"Assurance 100% digitale Flora : pas de paperasse ! \u2022 Flora by Ethias","_seopress_titles_desc":"Dis, c\u2019\u00e9tait quand la derni\u00e8re fois que tu as envoy\u00e9 une lettre ? ? T\u2019inqui\u00e8te, on ne s\u2019en souvient pas non plus. ? C\u2019est pour \u00e7a que, chez Flora, la paperasse, c\u2019est NO WAY !","_seopress_robots_index":"yes","footnotes":""},"class_list":["post-2809","page","type-page","status-publish","hentry"],"acf":[],"_links":{"self":[{"href":"https:\/\/flora.insure\/fr\/wp-json\/wp\/v2\/pages\/2809","targetHints":{"allow":["GET"]}}],"collection":[{"href":"https:\/\/flora.insure\/fr\/wp-json\/wp\/v2\/pages"}],"about":[{"href":"https:\/\/flora.insure\/fr\/wp-json\/wp\/v2\/types\/page"}],"author":[{"embeddable":true,"href":"https:\/\/flora.insure\/fr\/wp-json\/wp\/v2\/users\/4"}],"replies":[{"embeddable":true,"href":"https:\/\/flora.insure\/fr\/wp-json\/wp\/v2\/comments?post=2809"}],"version-history":[{"count":0,"href":"https:\/\/flora.insure\/fr\/wp-json\/wp\/v2\/pages\/2809\/revisions"}],"wp:attachment":[{"href":"https:\/\/flora.insure\/fr\/wp-json\/wp\/v2\/media?parent=2809"}],"curies":[{"name":"wp","href":"https:\/\/api.w.org\/{rel}","templated":true}]}}