{"id":27246,"date":"2025-07-04T13:43:06","date_gmt":"2025-07-04T11:43:06","guid":{"rendered":"https:\/\/flora.insure\/?page_id=27246"},"modified":"2025-07-04T14:13:53","modified_gmt":"2025-07-04T12:13:53","slug":"assurance-locataire-proprietaire-bailleur","status":"publish","type":"page","link":"https:\/\/flora.insure\/fr\/assurance-locataire-proprietaire-bailleur\/","title":{"rendered":"Propri\u00e9taire bailleur"},"content":{"rendered":"","protected":false},"excerpt":{"rendered":"","protected":false},"author":27,"featured_media":0,"parent":0,"menu_order":1487,"comment_status":"closed","ping_status":"closed","template":"template.dynamic-page.php","meta":{"_acf_changed":false,"_seopress_robots_primary_cat":"","_seopress_titles_title":"Assurance locataire conseill\u00e9e par les propri\u00e9taires - Flora","_seopress_titles_desc":"Facilitez la vie de vos locataires avec Flora by Ethias, l\u2019assurance locative 100 % digitale, d\u00e9j\u00e0 approuv\u00e9e par de nombreux bailleurs.","_seopress_robots_index":"yes","footnotes":""},"class_list":["post-27246","page","type-page","status-publish","hentry"],"acf":[],"_links":{"self":[{"href":"https:\/\/flora.insure\/fr\/wp-json\/wp\/v2\/pages\/27246","targetHints":{"allow":["GET"]}}],"collection":[{"href":"https:\/\/flora.insure\/fr\/wp-json\/wp\/v2\/pages"}],"about":[{"href":"https:\/\/flora.insure\/fr\/wp-json\/wp\/v2\/types\/page"}],"author":[{"embeddable":true,"href":"https:\/\/flora.insure\/fr\/wp-json\/wp\/v2\/users\/27"}],"replies":[{"embeddable":true,"href":"https:\/\/flora.insure\/fr\/wp-json\/wp\/v2\/comments?post=27246"}],"version-history":[{"count":0,"href":"https:\/\/flora.insure\/fr\/wp-json\/wp\/v2\/pages\/27246\/revisions"}],"wp:attachment":[{"href":"https:\/\/flora.insure\/fr\/wp-json\/wp\/v2\/media?parent=27246"}],"curies":[{"name":"wp","href":"https:\/\/api.w.org\/{rel}","templated":true}]}}