{"id":25140,"date":"2024-12-18T11:48:11","date_gmt":"2024-12-18T10:48:11","guid":{"rendered":"https:\/\/flora.insure\/?page_id=25140"},"modified":"2025-08-19T10:48:31","modified_gmt":"2025-08-19T08:48:31","slug":"liste-assurances","status":"publish","type":"page","link":"https:\/\/flora.insure\/fr\/liste-assurances\/","title":{"rendered":"Assurances"},"content":{"rendered":"","protected":false},"excerpt":{"rendered":"","protected":false},"author":1,"featured_media":0,"parent":0,"menu_order":1,"comment_status":"closed","ping_status":"closed","template":"template.externalinsurances.php","meta":{"_acf_changed":false,"_seopress_robots_primary_cat":"","_seopress_titles_title":"Autres assurances - Digital Omnium, Bike & More, Voyage.","_seopress_titles_desc":"Flora te pr\u00e9sente une s\u00e9lection d'assurances propos\u00e9es par notre grande s\u0153ur Ethias, dont l'assurance Digital Omnium, Bike & More, Assistance, Annulation.","_seopress_robots_index":"yes","footnotes":""},"class_list":["post-25140","page","type-page","status-publish","hentry"],"acf":[],"_links":{"self":[{"href":"https:\/\/flora.insure\/fr\/wp-json\/wp\/v2\/pages\/25140","targetHints":{"allow":["GET"]}}],"collection":[{"href":"https:\/\/flora.insure\/fr\/wp-json\/wp\/v2\/pages"}],"about":[{"href":"https:\/\/flora.insure\/fr\/wp-json\/wp\/v2\/types\/page"}],"author":[{"embeddable":true,"href":"https:\/\/flora.insure\/fr\/wp-json\/wp\/v2\/users\/1"}],"replies":[{"embeddable":true,"href":"https:\/\/flora.insure\/fr\/wp-json\/wp\/v2\/comments?post=25140"}],"version-history":[{"count":0,"href":"https:\/\/flora.insure\/fr\/wp-json\/wp\/v2\/pages\/25140\/revisions"}],"wp:attachment":[{"href":"https:\/\/flora.insure\/fr\/wp-json\/wp\/v2\/media?parent=25140"}],"curies":[{"name":"wp","href":"https:\/\/api.w.org\/{rel}","templated":true}]}}