{"id":20360,"date":"2023-10-06T15:24:03","date_gmt":"2023-10-06T13:24:03","guid":{"rendered":"https:\/\/flora.insure\/?page_id=20360"},"modified":"2025-11-25T14:52:40","modified_gmt":"2025-11-25T13:52:40","slug":"assurance-familiale","status":"publish","type":"page","link":"https:\/\/flora.insure\/fr\/assurance-familiale\/","title":{"rendered":"Assurance familiale Flora"},"content":{"rendered":"","protected":false},"excerpt":{"rendered":"","protected":false},"author":27,"featured_media":0,"parent":0,"menu_order":148,"comment_status":"closed","ping_status":"closed","template":"template.dynamic-page.php","meta":{"_acf_changed":false,"_seopress_robots_primary_cat":"","_seopress_titles_title":"Assurance RC familiale en ligne en Belgique","_seopress_titles_desc":"Une Assurance Familiale sur-mesure, en compl\u00e9ment de ton assurance habitation ! D\u00e9couvre notre assurance RC vie priv\u00e9e \u00e0 partir de 3,70 \u20ac par mois. \u2705","_seopress_robots_index":"","footnotes":""},"class_list":["post-20360","page","type-page","status-publish","hentry"],"acf":[],"_links":{"self":[{"href":"https:\/\/flora.insure\/fr\/wp-json\/wp\/v2\/pages\/20360","targetHints":{"allow":["GET"]}}],"collection":[{"href":"https:\/\/flora.insure\/fr\/wp-json\/wp\/v2\/pages"}],"about":[{"href":"https:\/\/flora.insure\/fr\/wp-json\/wp\/v2\/types\/page"}],"author":[{"embeddable":true,"href":"https:\/\/flora.insure\/fr\/wp-json\/wp\/v2\/users\/27"}],"replies":[{"embeddable":true,"href":"https:\/\/flora.insure\/fr\/wp-json\/wp\/v2\/comments?post=20360"}],"version-history":[{"count":4,"href":"https:\/\/flora.insure\/fr\/wp-json\/wp\/v2\/pages\/20360\/revisions"}],"predecessor-version":[{"id":28076,"href":"https:\/\/flora.insure\/fr\/wp-json\/wp\/v2\/pages\/20360\/revisions\/28076"}],"wp:attachment":[{"href":"https:\/\/flora.insure\/fr\/wp-json\/wp\/v2\/media?parent=20360"}],"curies":[{"name":"wp","href":"https:\/\/api.w.org\/{rel}","templated":true}]}}