{"id":19247,"date":"2023-08-07T15:22:13","date_gmt":"2023-08-07T13:22:13","guid":{"rendered":"https:\/\/flora.insure\/?page_id=19247"},"modified":"2025-05-14T09:38:25","modified_gmt":"2025-05-14T07:38:25","slug":"lettre-renon","status":"publish","type":"page","link":"https:\/\/flora.insure\/fr\/modeles-documents\/lettre-renon\/","title":{"rendered":"Mod\u00e8le Lettre de renon (pdf)"},"content":{"rendered":"","protected":false},"excerpt":{"rendered":"","protected":false},"author":27,"featured_media":0,"parent":5561,"menu_order":69,"comment_status":"closed","ping_status":"closed","template":"template.dynamic-page.php","meta":{"_acf_changed":false,"_seopress_robots_primary_cat":"","_seopress_titles_title":"Mod\u00e8les Lettre de renon - Document %%currentyear%%","_seopress_titles_desc":"T\u00e9l\u00e9charge la lettre de renon en Belgique ! C'est par ici que \u00e7a se passe ! \u2705","_seopress_robots_index":"","footnotes":""},"class_list":["post-19247","page","type-page","status-publish","hentry"],"acf":[],"_links":{"self":[{"href":"https:\/\/flora.insure\/fr\/wp-json\/wp\/v2\/pages\/19247","targetHints":{"allow":["GET"]}}],"collection":[{"href":"https:\/\/flora.insure\/fr\/wp-json\/wp\/v2\/pages"}],"about":[{"href":"https:\/\/flora.insure\/fr\/wp-json\/wp\/v2\/types\/page"}],"author":[{"embeddable":true,"href":"https:\/\/flora.insure\/fr\/wp-json\/wp\/v2\/users\/27"}],"replies":[{"embeddable":true,"href":"https:\/\/flora.insure\/fr\/wp-json\/wp\/v2\/comments?post=19247"}],"version-history":[{"count":0,"href":"https:\/\/flora.insure\/fr\/wp-json\/wp\/v2\/pages\/19247\/revisions"}],"up":[{"embeddable":true,"href":"https:\/\/flora.insure\/fr\/wp-json\/wp\/v2\/pages\/5561"}],"wp:attachment":[{"href":"https:\/\/flora.insure\/fr\/wp-json\/wp\/v2\/media?parent=19247"}],"curies":[{"name":"wp","href":"https:\/\/api.w.org\/{rel}","templated":true}]}}