{"id":14830,"date":"2022-10-11T09:48:03","date_gmt":"2022-10-11T07:48:03","guid":{"rendered":"https:\/\/flora.insure\/?page_id=14830"},"modified":"2023-08-07T15:13:13","modified_gmt":"2023-08-07T13:13:13","slug":"pacte-colocation-pdf","status":"publish","type":"page","link":"https:\/\/flora.insure\/fr\/modeles-documents\/pacte-colocation-pdf\/","title":{"rendered":"Mod\u00e8le Pacte de colocation PDF"},"content":{"rendered":"","protected":false},"excerpt":{"rendered":"","protected":false},"author":27,"featured_media":0,"parent":5561,"menu_order":7,"comment_status":"closed","ping_status":"closed","template":"template.dynamic-page.php","meta":{"_acf_changed":false,"_seopress_robots_primary_cat":"","_seopress_titles_title":"Mod\u00e8les pacte de colocation - Document %%currentyear%%","_seopress_titles_desc":"D\u00e9couvre notre mod\u00e8le de pacte de colocation ! T\u00e9l\u00e9charge ta convention de colocation. C'est par ici que \u00e7a se passe ! \u2705","_seopress_robots_index":"","footnotes":""},"class_list":["post-14830","page","type-page","status-publish","hentry"],"acf":[],"_links":{"self":[{"href":"https:\/\/flora.insure\/fr\/wp-json\/wp\/v2\/pages\/14830","targetHints":{"allow":["GET"]}}],"collection":[{"href":"https:\/\/flora.insure\/fr\/wp-json\/wp\/v2\/pages"}],"about":[{"href":"https:\/\/flora.insure\/fr\/wp-json\/wp\/v2\/types\/page"}],"author":[{"embeddable":true,"href":"https:\/\/flora.insure\/fr\/wp-json\/wp\/v2\/users\/27"}],"replies":[{"embeddable":true,"href":"https:\/\/flora.insure\/fr\/wp-json\/wp\/v2\/comments?post=14830"}],"version-history":[{"count":0,"href":"https:\/\/flora.insure\/fr\/wp-json\/wp\/v2\/pages\/14830\/revisions"}],"up":[{"embeddable":true,"href":"https:\/\/flora.insure\/fr\/wp-json\/wp\/v2\/pages\/5561"}],"wp:attachment":[{"href":"https:\/\/flora.insure\/fr\/wp-json\/wp\/v2\/media?parent=14830"}],"curies":[{"name":"wp","href":"https:\/\/api.w.org\/{rel}","templated":true}]}}