{"id":10504,"date":"2022-05-19T14:39:23","date_gmt":"2022-05-19T12:39:23","guid":{"rendered":"https:\/\/flora.insure\/?page_id=10504"},"modified":"2025-07-01T10:56:11","modified_gmt":"2025-07-01T08:56:11","slug":"assurance-locataire-premier-logement","status":"publish","type":"page","link":"https:\/\/flora.insure\/fr\/assurance-locataire-premier-logement\/","title":{"rendered":"Assurance locataire premier logement (SEA)"},"content":{"rendered":"","protected":false},"excerpt":{"rendered":"","protected":false},"author":1,"featured_media":0,"parent":0,"menu_order":121,"comment_status":"closed","ping_status":"closed","template":"template.dynamic-page.php","meta":{"_acf_changed":false,"_seopress_robots_primary_cat":"","_seopress_titles_title":"A la recherche d'une assurance pour ton premier appart ? Flora by Ethias","_seopress_titles_desc":"Une assurance habitation locataire ? Avec Flora, c'est vite r\u00e9gl\u00e9 ! 100% en ligne, sans mots compliqu\u00e9s. Et tu peux tout g\u00e9rer via l'app Flora.","_seopress_robots_index":"yes","footnotes":""},"class_list":["post-10504","page","type-page","status-publish","hentry"],"acf":[],"_links":{"self":[{"href":"https:\/\/flora.insure\/fr\/wp-json\/wp\/v2\/pages\/10504","targetHints":{"allow":["GET"]}}],"collection":[{"href":"https:\/\/flora.insure\/fr\/wp-json\/wp\/v2\/pages"}],"about":[{"href":"https:\/\/flora.insure\/fr\/wp-json\/wp\/v2\/types\/page"}],"author":[{"embeddable":true,"href":"https:\/\/flora.insure\/fr\/wp-json\/wp\/v2\/users\/1"}],"replies":[{"embeddable":true,"href":"https:\/\/flora.insure\/fr\/wp-json\/wp\/v2\/comments?post=10504"}],"version-history":[{"count":0,"href":"https:\/\/flora.insure\/fr\/wp-json\/wp\/v2\/pages\/10504\/revisions"}],"wp:attachment":[{"href":"https:\/\/flora.insure\/fr\/wp-json\/wp\/v2\/media?parent=10504"}],"curies":[{"name":"wp","href":"https:\/\/api.w.org\/{rel}","templated":true}]}}