{"id":14071,"date":"2021-08-17T15:01:16","date_gmt":"2021-08-17T13:01:16","guid":{"rendered":"https:\/\/flora.insure\/assurance-colocataire\/"},"modified":"2025-03-14T10:43:47","modified_gmt":"2025-03-14T09:43:47","slug":"seguro-companeros-de-piso","status":"publish","type":"page","link":"https:\/\/flora.insure\/es\/seguro-companeros-de-piso\/","title":{"rendered":"Seguro para compa\u00f1eros de piso Flora"},"content":{"rendered":"","protected":false},"excerpt":{"rendered":"","protected":false},"author":4,"featured_media":0,"parent":0,"menu_order":189,"comment_status":"closed","ping_status":"closed","template":"template.dynamic-page.php","meta":{"_acf_changed":false,"_seopress_robots_primary_cat":"","_seopress_titles_title":"Seguro de incendio para compa\u00f1eros de piso - Seguro para compa\u00f1eros de piso Flora by Ethias","_seopress_titles_desc":"Seguro a medida para compa\u00f1eros de piso en B\u00e9lgica. Inf\u00f3rmese sobre nuestro seguro para inquilinos en cohousing. \u2705","_seopress_robots_index":"","footnotes":""},"class_list":["post-14071","page","type-page","status-publish","hentry"],"acf":[],"_links":{"self":[{"href":"https:\/\/flora.insure\/es\/wp-json\/wp\/v2\/pages\/14071","targetHints":{"allow":["GET"]}}],"collection":[{"href":"https:\/\/flora.insure\/es\/wp-json\/wp\/v2\/pages"}],"about":[{"href":"https:\/\/flora.insure\/es\/wp-json\/wp\/v2\/types\/page"}],"author":[{"embeddable":true,"href":"https:\/\/flora.insure\/es\/wp-json\/wp\/v2\/users\/4"}],"replies":[{"embeddable":true,"href":"https:\/\/flora.insure\/es\/wp-json\/wp\/v2\/comments?post=14071"}],"version-history":[{"count":0,"href":"https:\/\/flora.insure\/es\/wp-json\/wp\/v2\/pages\/14071\/revisions"}],"wp:attachment":[{"href":"https:\/\/flora.insure\/es\/wp-json\/wp\/v2\/media?parent=14071"}],"curies":[{"name":"wp","href":"https:\/\/api.w.org\/{rel}","templated":true}]}}