{"id":14065,"date":"2020-01-13T14:47:55","date_gmt":"2020-01-13T13:47:55","guid":{"rendered":"https:\/\/flora.insure\/assurance-locataire\/"},"modified":"2024-07-01T14:38:18","modified_gmt":"2024-07-01T12:38:18","slug":"seguro-inquilinos","status":"publish","type":"page","link":"https:\/\/flora.insure\/es\/seguro-inquilinos\/","title":{"rendered":"Seguro para inquilinos de Flora"},"content":{"rendered":"","protected":false},"excerpt":{"rendered":"","protected":false},"author":1,"featured_media":0,"parent":0,"menu_order":1514,"comment_status":"closed","ping_status":"closed","template":"template.dynamic-page.php","meta":{"_acf_changed":false,"_seopress_robots_primary_cat":"","_seopress_titles_title":"Seguro de incendio para inquilinos -  Flora by Ethias","_seopress_titles_desc":"Un seguro para inquilinos sencillo, r\u00e1pido y transparente.  Suscribes en l\u00ednea y lo gestionas desde tu aplicaci\u00f3n. El primer seguro de hogar 100% digital de B\u00e9lgica","_seopress_robots_index":"","footnotes":""},"class_list":["post-14065","page","type-page","status-publish","hentry"],"acf":[],"_links":{"self":[{"href":"https:\/\/flora.insure\/es\/wp-json\/wp\/v2\/pages\/14065","targetHints":{"allow":["GET"]}}],"collection":[{"href":"https:\/\/flora.insure\/es\/wp-json\/wp\/v2\/pages"}],"about":[{"href":"https:\/\/flora.insure\/es\/wp-json\/wp\/v2\/types\/page"}],"author":[{"embeddable":true,"href":"https:\/\/flora.insure\/es\/wp-json\/wp\/v2\/users\/1"}],"replies":[{"embeddable":true,"href":"https:\/\/flora.insure\/es\/wp-json\/wp\/v2\/comments?post=14065"}],"version-history":[{"count":0,"href":"https:\/\/flora.insure\/es\/wp-json\/wp\/v2\/pages\/14065\/revisions"}],"wp:attachment":[{"href":"https:\/\/flora.insure\/es\/wp-json\/wp\/v2\/media?parent=14065"}],"curies":[{"name":"wp","href":"https:\/\/api.w.org\/{rel}","templated":true}]}}